{"id":575,"date":"2014-03-17T11:43:37","date_gmt":"2014-03-17T10:43:37","guid":{"rendered":"https:\/\/www.all-e-quest.com\/public\/?page_id=575"},"modified":"2014-05-20T16:48:41","modified_gmt":"2014-05-20T15:48:41","slug":"mentions-legales","status":"publish","type":"page","link":"https:\/\/www.all-e-quest.com\/public\/mentions-legales\/","title":{"rendered":"Mentions L\u00e9gales"},"content":{"rendered":"<p>&nbsp;<\/p>\n<h3><span style=\"color: #000000;\">1. Pr\u00e9sentation de notre site web<\/span><\/h3>\n<p>Conform\u00e9ment \u00e0 la loi n\u00b0 2004-2005 du 21 juin 2004 pour la confiance dans l&rsquo;\u00e9conomie num\u00e9rique, notre site web est cr\u00e9\u00e9 par l&rsquo;<a href=\"http:\/\/www.digitaweb.com\">agence web DigitaWeb<\/a>.<\/p>\n<h2>Pr\u00e9sentation<\/h2>\n<p>Ce site est le site Internet de ALL-e-QUEST.<\/p>\n<p>Ce site permet notamment :<\/p>\n<ul>\n<li>la consultation d\u2019informations sur ALL-e-Quest,<\/li>\n<li>la consultation d\u2019informations sur les domaines d\u2019activit\u00e9, les produits et services propos\u00e9s par ALL-e-QUEST, y compris par le biais de documents \u00e0 t\u00e9l\u00e9charger.<span style=\"line-height: 1.5;\">\u00a0<\/span><\/li>\n<\/ul>\n<h2>2. Mise en garde<\/h2>\n<p>2.1. L\u2019information contenue dans ces pages n\u2019est fournie qu\u2019\u00e0 titre informatif. ALL-e-QUEST d\u00e9cline toute responsabilit\u00e9 quant au contenu des pr\u00e9sentes pages et \u00e0 l\u2019utilisation qui pourrait en \u00eatre faite.<\/p>\n<p>2.2. Les photographies et documents reproduits sur le site sont non contractuels et ne peuvent engager la responsabilit\u00e9 de ALL-e-QUEST.<\/p>\n<p>2.3. En acc\u00e9dant au site ALL-e-QUEST et en l\u2019utilisant vous reconnaissez \u00eatre li\u00e9 par les pr\u00e9sentes Conditions d\u2019Utilisation du site et \u00e0 les respecter.<\/p>\n<p>&nbsp;<\/p>\n<h2>3. Repr\u00e9sentant l\u00e9gal et directeur de la publication<\/h2>\n<p>Editeur du service : ALL-e-QUEST.<\/p>\n<p>Directeur de la publication : ALL-e-QUEST<\/p>\n<p>Le nom de l&rsquo;h\u00e9bergeur : DRI<\/p>\n<p>&nbsp;<\/p>\n<h2>4. Conditions d&rsquo;acc\u00e8s et d&rsquo;utilisation<\/h2>\n<p>4.1. L&rsquo;acc\u00e8s au site <a href=\"http:\/\/www.bonjour-caravaning.com\/\">https:\/\/www.all-e-quest.com\/public <\/a>est ouvert \u00e0 tous.<\/p>\n<p>4.2. La consultation du site <a href=\"http:\/\/www.bonjour-caravaning.com\/\">https:\/\/www.all-e-quest.com\/public<\/a> est soumise \u00e0 la r\u00e9glementation fran\u00e7aise en vigueur. L&rsquo;information communiqu\u00e9e en l&rsquo;esp\u00e8ce ne pr\u00e9tend aucunement \u00e0 l&rsquo;exhaustivit\u00e9.<\/p>\n<p>&nbsp;<\/p>\n<h2>5. Moyens techniques<\/h2>\n<p>5.1. Avant toute utilisation du service, il appartient aux utilisateurs de se rapprocher de leur fournisseur d&rsquo;acc\u00e8s afin de s&rsquo;assurer que le navigateur utilis\u00e9 permet bien l&rsquo;acc\u00e8s, dans une configuration s\u00e9curis\u00e9e, au site.<\/p>\n<p>5.2. De m\u00eame, avant toute utilisation, il appartient \u00e0 l&rsquo;utilisateur de s&rsquo;assurer que les pages visionn\u00e9es soient \u00e0 jour, apr\u00e8s avoir vid\u00e9 son cache ou pris en compte le fonctionnement de son Proxy.<\/p>\n<p>5.3 Le site est r\u00e9alis\u00e9 par l&rsquo;<a title=\"Agence Web et de communication digitale\" href=\"http:\/\/www.digitaweb.com\" target=\"_blank\">agence digitale 360\u00b0 Digitaweb<\/a>\u00a0gr\u00e2ce \u00e0 une solution CMS de gestion de contenu.<\/p>\n<p>&nbsp;<\/p>\n<h2>6. Mise en garde technique<\/h2>\n<p>6.1. L&rsquo;utilisateur du site \u00a0reconna\u00eet avoir v\u00e9rifi\u00e9 que la configuration informatique utilis\u00e9e ne contient aucun virus et qu&rsquo;elle est en bon \u00e9tat de fonctionnement.<\/p>\n<p>6.2. L&rsquo;utilisateur du site \u00a0reconna\u00eet \u00e9galement avoir pris connaissance de la pr\u00e9sente notice l\u00e9gale et s&rsquo;engage \u00e0 la respecter.<\/p>\n<p>6.3. L&rsquo;utilisateur reconna\u00eet avoir \u00e9t\u00e9 inform\u00e9 que le site est accessible 24h\/24h et 7 jours\/7 jours, \u00e0 l&rsquo;exception des cas de force majeure, difficult\u00e9s informatiques, difficult\u00e9s li\u00e9es \u00e0 la structure du r\u00e9seau de t\u00e9l\u00e9communication, autres difficult\u00e9s techniques ou op\u00e9rations de maintenance.<\/p>\n<p>&nbsp;<\/p>\n<h2>7. Droits de propri\u00e9t\u00e9 intellectuelle<\/h2>\n<p>7.1. La structure g\u00e9n\u00e9rale, les textes, images anim\u00e9es ou non et tous les \u00e9l\u00e9ments composant ce site, sont prot\u00e9g\u00e9s et rel\u00e8vent de la l\u00e9gislation fran\u00e7aise et internationale sur le droit d&rsquo;auteur et la propri\u00e9t\u00e9 intellectuelle. Tous les droits de reproduction sont r\u00e9serv\u00e9s, y compris pour les documents t\u00e9l\u00e9chargeables et les repr\u00e9sentations iconographiques et photographiques.<\/p>\n<p>7.2. Toute utilisation, quelle qu&rsquo;elle soit des noms de marques et logos de ce site incluant notamment, mais non limitativement ALL-e-QUEST, ainsi que les noms commerciaux d\u00e9tenus par ALL-e-QUEST et \/ou ses partenaires, est interdite sans l&rsquo;autorisation des titulaires des droits.<\/p>\n<p>7.3. Toute reproduction totale ou partielle de ce site ou d&rsquo;un de ses \u00e9l\u00e9ments sans autorisation expresse et pr\u00e9alable de ALL-e-QUEST est interdite.<\/p>\n<p>7.4. Toute repr\u00e9sentation ou reproduction de ce site ou d&rsquo;un de ses \u00e9l\u00e9ments, par quelque proc\u00e9d\u00e9 que ce soit, constituerait une contrefa\u00e7on.<\/p>\n<p>7.5 Le contenu de ce site peut \u00eatre modifi\u00e9 ou mis \u00e0 jour sans pr\u00e9avis et ne correspond en aucun cas \u00e0 un engagement contractuel.<\/p>\n<p>&nbsp;<\/p>\n<h2>8. Liens hypertexte<\/h2>\n<p>8.1. Les liens hypertextes mis en place dans le cadre du site en direction d&rsquo;autres ressources pr\u00e9sentes sur le r\u00e9seau Internet ne sauraient engager la responsabilit\u00e9 de ALL-e-QUEST, notamment sa responsabilit\u00e9, au regard de l&rsquo;ensemble du contenu des autres ressources directes ou indirectes.<\/p>\n<p>8.2. ALL-e-QUEST n&rsquo;est pas responsable des hyperliens qui peuvent pointer sur ce site. Toute cr\u00e9ation par un tiers, de lien hypertexte en direction de l\u2019une quelconque des pages ou cadres du pr\u00e9sent site n\u00e9cessite l\u2019accord pr\u00e9alable de la soci\u00e9t\u00e9 et devra faire l\u2019objet d\u2019une information adress\u00e9e par email \u00e0 contact (at) all-e-quest.com. ALL-e-QUEST se r\u00e9serve le droit d\u2019exiger la suppression de ce lien.<\/p>\n<p>&nbsp;<\/p>\n<h2>9. Loi informatique et libert\u00e9<\/h2>\n<p>9.1 D\u00e9claration et usage<br \/>\nConform\u00e9ment \u00e0 la loi du 6 janvier 1978 relative \u00e0 l&rsquo;informatique, aux fichiers et aux libert\u00e9s, ce site a fait l&rsquo;objet d&rsquo;une d\u00e9claration aupr\u00e8s de la Commission Nationale Informatique et Libert\u00e9s (CNIL &#8211; http:\/\/www.cnil.fr\/), sous le num\u00e9ro d&rsquo;enregistrement : 1137702.<\/p>\n<p>9.2 Les informations, nominatives ou non, fournies par les tiers (particuliers et professionnels) sur le site de ALL-e-QUEST peuvent \u00eatre transmises \u00e0 des partenaires commerciaux. Conform\u00e9ment \u00e0 la loi Informatique et Libert\u00e9s du 6 janvier 1978, vous disposez d&rsquo;un droit d&rsquo;acc\u00e8s, de modification, de rectification et de suppression des donn\u00e9es nominatives qui vous concernent, en adressant votre demande par courrier \u00e0 ALL-e-QUEST ou en adressant un mail \u00e0\u00a0contact (at) all-e-quest.com.<\/p>\n<p>9.3 ALL-e-QUEST s&rsquo;engage en outre \u00e0 prendre toutes pr\u00e9cautions utiles afin de prot\u00e9ger les donn\u00e9es \u00e0 caract\u00e8re personnel trait\u00e9es par ses services, et notamment d&#8217;emp\u00eacher qu&rsquo;elles ne soient d\u00e9form\u00e9es, endommag\u00e9es ou communiqu\u00e9es \u00e0 des tiers non autoris\u00e9s.<\/p>\n<p>Important : nous nous r\u00e9servons le droit de modifier les pr\u00e9sentes Conditions d\u2019Utilisation du site et vous invitons \u00e0 les consulter r\u00e9guli\u00e8rement.<\/p>\n","protected":false},"excerpt":{"rendered":"<p>&nbsp; 1. Pr\u00e9sentation de notre site web Conform\u00e9ment \u00e0 la loi n\u00b0 2004-2005 du 21 juin 2004 pour la confiance dans l&rsquo;\u00e9conomie num\u00e9rique, notre site web est cr\u00e9\u00e9 par l&rsquo;agence web DigitaWeb. Pr\u00e9sentation Ce site est le site Internet de ALL-e-QUEST. Ce site permet notamment : la consultation d\u2019informations sur ALL-e-Quest, la consultation d\u2019informations sur [&hellip;]<\/p>\n","protected":false},"author":3,"featured_media":0,"parent":0,"menu_order":0,"comment_status":"open","ping_status":"open","template":"","meta":{"footnotes":""},"acf":[],"aioseo_notices":[],"_links":{"self":[{"href":"https:\/\/www.all-e-quest.com\/public\/wp-json\/wp\/v2\/pages\/575"}],"collection":[{"href":"https:\/\/www.all-e-quest.com\/public\/wp-json\/wp\/v2\/pages"}],"about":[{"href":"https:\/\/www.all-e-quest.com\/public\/wp-json\/wp\/v2\/types\/page"}],"author":[{"embeddable":true,"href":"https:\/\/www.all-e-quest.com\/public\/wp-json\/wp\/v2\/users\/3"}],"replies":[{"embeddable":true,"href":"https:\/\/www.all-e-quest.com\/public\/wp-json\/wp\/v2\/comments?post=575"}],"version-history":[{"count":9,"href":"https:\/\/www.all-e-quest.com\/public\/wp-json\/wp\/v2\/pages\/575\/revisions"}],"predecessor-version":[{"id":965,"href":"https:\/\/www.all-e-quest.com\/public\/wp-json\/wp\/v2\/pages\/575\/revisions\/965"}],"wp:attachment":[{"href":"https:\/\/www.all-e-quest.com\/public\/wp-json\/wp\/v2\/media?parent=575"}],"curies":[{"name":"wp","href":"https:\/\/api.w.org\/{rel}","templated":true}]}}