{"id":475,"date":"2014-02-28T10:24:02","date_gmt":"2014-02-28T09:24:02","guid":{"rendered":"https:\/\/www.all-e-quest.com\/public\/?page_id=475"},"modified":"2014-05-13T10:05:05","modified_gmt":"2014-05-13T09:05:05","slug":"pour-organisation","status":"publish","type":"page","link":"https:\/\/www.all-e-quest.com\/public\/pour-organisation\/","title":{"rendered":"Pour l&rsquo;organisation"},"content":{"rendered":"<p style=\"color: #333333;\">Le 360 feedback individuel, un processus puissant qui permet de recueillir, \u00e0 l\u2019aide d\u2019un questionnaire, les perceptions du manager et celles de son entourage sur ses comportements manag\u00e9riaux.<\/p>\n<p style=\"color: #333333;\">Construit avec les r\u00e9ponses de l\u2019entourage recueillies, le rapport 360\u00b0 feedback permet d\u2019identifier les gisements du potentiel du manager et d\u2019\u00e9laborer un plan de progr\u00e8s pertinent pour son \u00e9volution.<\/p>\n<p>Le questionnaire 360\u00b0 organisation est r\u00e9alis\u00e9 \u00ab\u00a0sur-mesure\u00a0\u00bb et peut \u00eatre destin\u00e9 \u00e0 un barom\u00e8tre manag\u00e9rial, un sondage sur le stress, ou concerner\u00a0le lancement ou la conduite d\u2019un projet &#8230; quel qu\u2019en soit le projet.<\/p>\n<p>&nbsp;<\/p>\n<p>Construit avec le recueil des r\u00e9ponses des personnes sollicit\u00e9es, le rapport 360\u00b0 organisation permet d\u2019effectuer un \u00e9tat des lieux factuel et d\u2019identifier les leviers de l\u2019organisation afin d\u2019\u00e9laborer un plan de progr\u00e8s ou de prendre des d\u00e9cisions pertinentes.&lt;\/p&gt;<\/p>\n","protected":false},"excerpt":{"rendered":"<p>Le 360 feedback individuel, un processus puissant qui permet de recueillir, \u00e0 l\u2019aide d\u2019un questionnaire, les perceptions du manager et celles de son entourage sur ses comportements manag\u00e9riaux. Construit avec les r\u00e9ponses de l\u2019entourage recueillies, le rapport 360\u00b0 feedback permet d\u2019identifier les gisements du potentiel du manager et d\u2019\u00e9laborer un plan de progr\u00e8s pertinent pour [&hellip;]<\/p>\n","protected":false},"author":3,"featured_media":0,"parent":0,"menu_order":0,"comment_status":"open","ping_status":"closed","template":"tpl\/landingpage.php","meta":{"footnotes":""},"acf":[],"aioseo_notices":[],"_links":{"self":[{"href":"https:\/\/www.all-e-quest.com\/public\/wp-json\/wp\/v2\/pages\/475"}],"collection":[{"href":"https:\/\/www.all-e-quest.com\/public\/wp-json\/wp\/v2\/pages"}],"about":[{"href":"https:\/\/www.all-e-quest.com\/public\/wp-json\/wp\/v2\/types\/page"}],"author":[{"embeddable":true,"href":"https:\/\/www.all-e-quest.com\/public\/wp-json\/wp\/v2\/users\/3"}],"replies":[{"embeddable":true,"href":"https:\/\/www.all-e-quest.com\/public\/wp-json\/wp\/v2\/comments?post=475"}],"version-history":[{"count":10,"href":"https:\/\/www.all-e-quest.com\/public\/wp-json\/wp\/v2\/pages\/475\/revisions"}],"predecessor-version":[{"id":928,"href":"https:\/\/www.all-e-quest.com\/public\/wp-json\/wp\/v2\/pages\/475\/revisions\/928"}],"wp:attachment":[{"href":"https:\/\/www.all-e-quest.com\/public\/wp-json\/wp\/v2\/media?parent=475"}],"curies":[{"name":"wp","href":"https:\/\/api.w.org\/{rel}","templated":true}]}}