{"id":257,"date":"2014-02-21T19:00:02","date_gmt":"2014-02-21T18:00:02","guid":{"rendered":"https:\/\/www.all-e-quest.com\/public\/?page_id=257"},"modified":"2014-05-12T19:11:42","modified_gmt":"2014-05-12T18:11:42","slug":"offres-packagees","status":"publish","type":"page","link":"https:\/\/www.all-e-quest.com\/public\/offres-packagees\/","title":{"rendered":"Offres packag\u00e9es"},"content":{"rendered":"<p><b>Des 360\u00b0 individuel cl\u00e9s en main, de A \u00e0 Z, faciles \u00e0 utiliser<\/b><\/p>\n<ul>\n<li>le GPS du Manager, cliquer pour t\u00e9l\u00e9charger la fiche produit correspondante mettre en lien avec les fiches produits du site<\/li>\n<li>Le GPS du Manager : 360\u00b0 feedback leadership \u2013formule PREMIUM<\/li>\n<li>Le GPS du Manager : 360\u00b0 feedback leadership \u2013formule BEST<\/li>\n<li>Le GPS du Manager : 360\u00b0 feedback leadership \u2013formule &#8211; formule GOLD<\/li>\n<\/ul>\n<p>Ces formules sont \u00e9ligibles dans le cadre du DIF (Droit Individuel \u00e0 la Formation). NB Ces packages peuvent \u00eatre utilis\u00e9s pour tout collaborateur (nous disposons\u00a0du questionnaire en cons\u00e9quence).<\/p>\n","protected":false},"excerpt":{"rendered":"<p>Des 360\u00b0 individuel cl\u00e9s en main, de A \u00e0 Z, faciles \u00e0 utiliser le GPS du Manager, cliquer pour t\u00e9l\u00e9charger la fiche produit correspondante mettre en lien avec les fiches produits du site Le GPS du Manager : 360\u00b0 feedback leadership \u2013formule PREMIUM Le GPS du Manager : 360\u00b0 feedback leadership \u2013formule BEST Le GPS [&hellip;]<\/p>\n","protected":false},"author":3,"featured_media":0,"parent":0,"menu_order":0,"comment_status":"open","ping_status":"open","template":"tpl\/offre.php","meta":{"footnotes":""},"acf":[],"aioseo_notices":[],"_links":{"self":[{"href":"https:\/\/www.all-e-quest.com\/public\/wp-json\/wp\/v2\/pages\/257"}],"collection":[{"href":"https:\/\/www.all-e-quest.com\/public\/wp-json\/wp\/v2\/pages"}],"about":[{"href":"https:\/\/www.all-e-quest.com\/public\/wp-json\/wp\/v2\/types\/page"}],"author":[{"embeddable":true,"href":"https:\/\/www.all-e-quest.com\/public\/wp-json\/wp\/v2\/users\/3"}],"replies":[{"embeddable":true,"href":"https:\/\/www.all-e-quest.com\/public\/wp-json\/wp\/v2\/comments?post=257"}],"version-history":[{"count":16,"href":"https:\/\/www.all-e-quest.com\/public\/wp-json\/wp\/v2\/pages\/257\/revisions"}],"predecessor-version":[{"id":892,"href":"https:\/\/www.all-e-quest.com\/public\/wp-json\/wp\/v2\/pages\/257\/revisions\/892"}],"wp:attachment":[{"href":"https:\/\/www.all-e-quest.com\/public\/wp-json\/wp\/v2\/media?parent=257"}],"curies":[{"name":"wp","href":"https:\/\/api.w.org\/{rel}","templated":true}]}}